{"id":991,"date":"2020-11-20T19:25:24","date_gmt":"2020-11-20T18:25:24","guid":{"rendered":"https:\/\/wildescape.fr\/?post_type=product&#038;p=991"},"modified":"2021-03-13T10:38:49","modified_gmt":"2021-03-13T09:38:49","slug":"pack-abstract-sunset","status":"publish","type":"product","link":"https:\/\/wildescape.fr\/index.php\/produit\/pack-abstract-sunset\/","title":{"rendered":"Pack Abstract Sunset"},"content":{"rendered":"<p>Pack Abstract Sunset : Sacoche + Masque<\/p>\n<p>Dimensions Masque \/ longueur : 22,5cm ; largeur pli\u00e9e : 7,5cm ; largeur d\u00e9pli\u00e9e : 16cm<\/p>\n<p>Dimensions Sacoche \/ longueur : 30cm ; largeur : 15cm<\/p>\n<p>STOCK DISPONIBLE : 11 PACKS \/11 (mise a jour 12\/03\/2021)<\/p>\n<p><span class=\"brz-cp-color7\">Tous les produits confectionn\u00e9s par Wild Escape sont garantis \u00e0 vie.<\/span><span class=\"brz-cp-color7\"> N\u2019h\u00e9sitez pas \u00e0 nous contacter si vous avez besoin de r\u00e9paration sur l\u2019un de nos produits<\/span> en passant par le SAV.<\/p>\n","protected":false},"excerpt":{"rendered":"<p>Pack Abstract Sunset : Sacoche + Masque Dimensions Masque \/ longueur : 22,5cm ; largeur pli\u00e9e : 7,5cm ; largeur d\u00e9pli\u00e9e : 16cm Dimensions Sacoche \/ longueur : 30cm ; largeur : 15cm STOCK DISPONIBLE : 11 PACKS \/11 (mise a jour 12\/03\/2021) Tous les produits confectionn\u00e9s par Wild Escape sont garantis \u00e0 vie. N\u2019h\u00e9sitez &hellip;<\/p>\n<p class=\"read-more\"> <a class=\"\" href=\"https:\/\/wildescape.fr\/index.php\/produit\/pack-abstract-sunset\/\"> <span class=\"screen-reader-text\">Pack Abstract Sunset<\/span> Lire la suite\u00a0\u00bb<\/a><\/p>\n","protected":false},"featured_media":2514,"comment_status":"closed","ping_status":"closed","template":"","meta":[],"_links":{"self":[{"href":"https:\/\/wildescape.fr\/index.php\/wp-json\/wp\/v2\/product\/991"}],"collection":[{"href":"https:\/\/wildescape.fr\/index.php\/wp-json\/wp\/v2\/product"}],"about":[{"href":"https:\/\/wildescape.fr\/index.php\/wp-json\/wp\/v2\/types\/product"}],"replies":[{"embeddable":true,"href":"https:\/\/wildescape.fr\/index.php\/wp-json\/wp\/v2\/comments?post=991"}],"wp:featuredmedia":[{"embeddable":true,"href":"https:\/\/wildescape.fr\/index.php\/wp-json\/wp\/v2\/media\/2514"}],"wp:attachment":[{"href":"https:\/\/wildescape.fr\/index.php\/wp-json\/wp\/v2\/media?parent=991"}],"curies":[{"name":"wp","href":"https:\/\/api.w.org\/{rel}","templated":true}]}}