{"id":986,"date":"2020-11-20T17:15:36","date_gmt":"2020-11-20T16:15:36","guid":{"rendered":"https:\/\/wildescape.fr\/?post_type=product&#038;p=986"},"modified":"2026-02-14T12:28:36","modified_gmt":"2026-02-14T11:28:36","slug":"pack-petit-piment","status":"publish","type":"product","link":"https:\/\/wildescape.fr\/index.php\/produit\/pack-petit-piment\/","title":{"rendered":"Sacoche Petit Piment"},"content":{"rendered":"<p>Pack Petit Piment : Sacoche<\/p>\n<p>Dimensions Sacoche \/ longueur : 30cm ; largeur : 15cm<\/p>\n<p>STOCK DISPONIBLE : 11 SACOCHES PETIT PIMENT \/ 11 (mise \u00e0 jour le 12\/03\/2021)<\/p>\n<p><span class=\"brz-cp-color7\">Tous les produits confectionn\u00e9s par Wild Escape sont garantis \u00e0 vie. N\u2019h\u00e9sitez pas \u00e0 nous contacter si vous avez besoin de r\u00e9paration sur l\u2019un de nos produits<\/span> en passant par le SAV.<\/p>\n","protected":false},"excerpt":{"rendered":"<p>Pack Petit Piment : Sacoche Dimensions Sacoche \/ longueur : 30cm ; largeur : 15cm STOCK DISPONIBLE : 11 SACOCHES PETIT PIMENT \/ 11 (mise \u00e0 jour le 12\/03\/2021) Tous les produits confectionn\u00e9s par Wild Escape sont garantis \u00e0 vie. N\u2019h\u00e9sitez pas \u00e0 nous contacter si vous avez besoin de r\u00e9paration sur l\u2019un de nos &hellip;<\/p>\n<p class=\"read-more\"> <a class=\"\" href=\"https:\/\/wildescape.fr\/index.php\/produit\/pack-petit-piment\/\"> <span class=\"screen-reader-text\">Sacoche Petit Piment<\/span> Lire la suite\u00a0\u00bb<\/a><\/p>\n","protected":false},"featured_media":2519,"comment_status":"open","ping_status":"closed","template":"","meta":[],"_links":{"self":[{"href":"https:\/\/wildescape.fr\/index.php\/wp-json\/wp\/v2\/product\/986"}],"collection":[{"href":"https:\/\/wildescape.fr\/index.php\/wp-json\/wp\/v2\/product"}],"about":[{"href":"https:\/\/wildescape.fr\/index.php\/wp-json\/wp\/v2\/types\/product"}],"replies":[{"embeddable":true,"href":"https:\/\/wildescape.fr\/index.php\/wp-json\/wp\/v2\/comments?post=986"}],"wp:featuredmedia":[{"embeddable":true,"href":"https:\/\/wildescape.fr\/index.php\/wp-json\/wp\/v2\/media\/2519"}],"wp:attachment":[{"href":"https:\/\/wildescape.fr\/index.php\/wp-json\/wp\/v2\/media?parent=986"}],"curies":[{"name":"wp","href":"https:\/\/api.w.org\/{rel}","templated":true}]}}