{"id":738,"date":"2020-11-20T13:57:41","date_gmt":"2020-11-20T12:57:41","guid":{"rendered":"https:\/\/wildescape.fr\/?post_type=product&#038;p=738"},"modified":"2021-04-27T15:31:51","modified_gmt":"2021-04-27T13:31:51","slug":"pack-nuit-volatile","status":"publish","type":"product","link":"https:\/\/wildescape.fr\/index.php\/produit\/pack-nuit-volatile\/","title":{"rendered":"Pack Nuit Volatile"},"content":{"rendered":"<p>Pack Nuit Volatile : Sacoche + Masque<\/p>\n<p>Dimensions Masque \/ longueur : 22,5cm ; largeur pli\u00e9e : 7,5cm ; largeur d\u00e9pli\u00e9e : 16cm<\/p>\n<p>Dimensions Sacoche \/ longueur : 30cm ; largeur : 15cm<\/p>\n<p>STOCK DISPONIBLE : NON DISPONIBLE \/accessible sur commande priv\u00e9<\/p>\n<p><span class=\"brz-cp-color7\">Tous les produits confectionn\u00e9s par Wild Escape sont garantis \u00e0 vie. N\u2019h\u00e9sitez pas \u00e0 nous contacter si vous avez besoin de r\u00e9paration sur l\u2019un de nos produits<\/span> en passant par le SAV.<\/p>\n","protected":false},"excerpt":{"rendered":"<p>Pack Nuit Volatile : Sacoche + Masque Dimensions Masque \/ longueur : 22,5cm ; largeur pli\u00e9e : 7,5cm ; largeur d\u00e9pli\u00e9e : 16cm Dimensions Sacoche \/ longueur : 30cm ; largeur : 15cm STOCK DISPONIBLE : NON DISPONIBLE \/accessible sur commande priv\u00e9 Tous les produits confectionn\u00e9s par Wild Escape sont garantis \u00e0 vie. N\u2019h\u00e9sitez pas &hellip;<\/p>\n<p class=\"read-more\"> <a class=\"\" href=\"https:\/\/wildescape.fr\/index.php\/produit\/pack-nuit-volatile\/\"> <span class=\"screen-reader-text\">Pack Nuit Volatile<\/span> Lire la suite\u00a0\u00bb<\/a><\/p>\n","protected":false},"featured_media":2525,"comment_status":"closed","ping_status":"closed","template":"","meta":[],"_links":{"self":[{"href":"https:\/\/wildescape.fr\/index.php\/wp-json\/wp\/v2\/product\/738"}],"collection":[{"href":"https:\/\/wildescape.fr\/index.php\/wp-json\/wp\/v2\/product"}],"about":[{"href":"https:\/\/wildescape.fr\/index.php\/wp-json\/wp\/v2\/types\/product"}],"replies":[{"embeddable":true,"href":"https:\/\/wildescape.fr\/index.php\/wp-json\/wp\/v2\/comments?post=738"}],"wp:featuredmedia":[{"embeddable":true,"href":"https:\/\/wildescape.fr\/index.php\/wp-json\/wp\/v2\/media\/2525"}],"wp:attachment":[{"href":"https:\/\/wildescape.fr\/index.php\/wp-json\/wp\/v2\/media?parent=738"}],"curies":[{"name":"wp","href":"https:\/\/api.w.org\/{rel}","templated":true}]}}