{"id":465,"date":"2018-08-17T12:04:47","date_gmt":"2018-08-17T12:04:47","guid":{"rendered":"https:\/\/wildescape.fr\/index.php\/about\/"},"modified":"2021-03-13T10:42:11","modified_gmt":"2021-03-13T09:42:11","slug":"about","status":"publish","type":"page","link":"https:\/\/wildescape.fr\/index.php\/about\/","title":{"rendered":"About Us"},"content":{"rendered":"<div class=\"brz-root__container brz-reset-all\">\n<section data-uid=\"gwkntxqkcu\" id=\"gwkntxqkcu\" class=\"brz-section brz-css-mdzmv\">\n<div class=\"brz-section__content brz-section--boxed brz-css-hkvbu brz-css-cyucf\" data-custom-id=\"adfgnjvvam\">\n<div class=\"brz-bg\">\n<div class=\"brz-bg-color\"><\/div>\n<\/div>\n<div class=\"brz-container brz-css-etjep\">\n<div data-iteration-count=\"1\" class=\"brz-css-fkwid brz-wrapper brz-animated brz-css-ngeah brz-css-iltii\">\n<div class=\"brz-rich-text brz-css-cfibk\" data-custom-id=\"mprslalmxk\">\n<h1 class=\"brz-fs-xs-im-37 brz-fs-sm-im-37 brz-fs-lg-37 brz-fw-xs-im-700 brz-fw-sm-im-700 brz-fw-lg-700 brz-ft-google brz-ff-red_hat_text brz-ls-xs-im-1 brz-ls-sm-im-1 brz-ls-lg-1_1 brz-lh-xs-im-1_5 brz-lh-sm-im-1_5 brz-lh-lg-1_5 brz-text-lg-center\"><span class=\"brz-cp-color2\">About Us<\/span><\/h1>\n<\/div>\n<\/div>\n<\/div>\n<\/div>\n<\/section>\n<section data-uid=\"idyduekkxa\" id=\"idyduekkxa\" class=\"brz-section brz-css-mdzmv brz-css-nzyny\">\n<div class=\"brz-slick-slider brz-slick-slider__section\" data-slides-to-show=\"1\" data-slides-to-scroll=\"1\" data-arrows=\"true\" data-dots=\"false\" data-dots-class=\"brz-slick-slider__dots brz-slick-slider__dots--none\" data-fade=\"false\" data-vertical=\"false\" data-auto-play=\"false\" data-auto-play-speed=\"3000\" data-swipe=\"false\" data-responsive=\"%5B%7B%22breakpoint%22%3A767%2C%22settings%22%3A%7B%22slidesToShow%22%3A1%2C%22slidesToScroll%22%3A1%7D%7D%5D\">\n<div class=\"brz-section__content brz-section--fullWidth brz-css-hkvbu brz-css-ykgdw\" data-custom-id=\"tggikycmxg\">\n<div class=\"brz-container brz-css-etjep brz-css-ekmcu\">\n<div class=\"brz-row__container brz-css-qjajm brz-css-xpcdi\" data-custom-id=\"kcqhkbgdsy\">\n<div class=\"brz-bg\">\n<div class=\"brz-bg-color\"><\/div>\n<\/div>\n<div class=\"brz-row brz-css-swcgf brz-css-tvvsb\">\n<div class=\"brz-columns brz-css-xefvh brz-css-ncexv\" data-custom-id=\"dgdlnygbbg\">\n<div class=\"brz-column__items brz-css-dcvgm brz-css-lfuas\">\n<div class=\"brz-css-fkwid brz-css-nnuie brz-wrapper\">\n<div class=\"brz-rich-text brz-css-cfibk\" data-custom-id=\"hkdemgidtl\">\n<p><strong>Pierre-Luc \/ CEO Wild Escape \/ CEO Design Color<\/strong><\/p>\n<\/div>\n<\/div>\n<div class=\"brz-css-fkwid brz-css-nhvnd brz-wrapper\">\n<div class=\"brz-rich-text brz-css-cfibk\" data-custom-id=\"jyyodhehxp\">\n<p>Passionn\u00e9 de street wear et de tissu ethnique, le cr\u00e9ateur de la<\/p>\n<p>marque a associ\u00e9 les deux afin de retranscrire son univers et son style.<\/p>\n<p><\/p>\n<p>Pour sa premi\u00e8re exploration du monde, Wild Escape a choisi de s\u2019arr\u00eater en Afrique et de vous faire d\u00e9couvrir sa culture.<\/p>\n<p><\/p>\n<p>L\u2019association du street wear et de la wax cr\u00e9e un m\u00e9lange surprenant, moderne et color\u00e9 pour commencer le \u201dvoyage \u201c.<\/p>\n<\/div>\n<\/div>\n<\/div>\n<\/div>\n<div class=\"brz-columns brz-css-xefvh\" data-custom-id=\"axofgnfynh\">\n<div class=\"brz-column__items brz-css-dcvgm brz-css-xrnvw\">\n<div class=\"brz-css-fkwid brz-css-iumhn brz-wrapper\">\n<div class=\"brz-image brz-css-yowbw\"><picture class=\"brz-picture brz-d-block brz-p-relative brz-css-aswkz\" data-custom-id=\"dvouqfdxdl\"><source srcset=\"{@brizy_SITE_URL_PLACEHOLDER@}\/?brizy_media=wp-02bfb9431cd3895f46f1519345117cea.jpg&#038;brizy_crop=iW%3D874%26iH%3D582%26oX%3D0%26oY%3D3%26cW%3D874%26cH%3D576&#038;brizy_post=465 1x, {@brizy_SITE_URL_PLACEHOLDER@}\/?brizy_media=wp-02bfb9431cd3895f46f1519345117cea.jpg&#038;brizy_crop=iW%3D1748%26iH%3D1164%26oX%3D0%26oY%3D6%26cW%3D1748%26cH%3D1152&#038;brizy_post=465 2x\" media=\"(min-width: 992px)\"><source srcset=\"{@brizy_SITE_URL_PLACEHOLDER@}\/?brizy_media=wp-02bfb9431cd3895f46f1519345117cea.jpg&#038;brizy_crop=iW%3D306%26iH%3D204%26oX%3D0%26oY%3D0%26cW%3D306%26cH%3D202&#038;brizy_post=465 1x, {@brizy_SITE_URL_PLACEHOLDER@}\/?brizy_media=wp-02bfb9431cd3895f46f1519345117cea.jpg&#038;brizy_crop=iW%3D612%26iH%3D408%26oX%3D0%26oY%3D0%26cW%3D612%26cH%3D404&#038;brizy_post=465 2x\" media=\"(min-width: 768px)\"><img class=\"brz-img brz-p-absolute\" srcset=\"{@brizy_SITE_URL_PLACEHOLDER@}\/?brizy_media=wp-02bfb9431cd3895f46f1519345117cea.jpg&#038;brizy_crop=iW%3D344%26iH%3D229%26oX%3D0%26oY%3D1%26cW%3D344%26cH%3D227&#038;brizy_post=465 1x, {@brizy_SITE_URL_PLACEHOLDER@}\/?brizy_media=wp-02bfb9431cd3895f46f1519345117cea.jpg&#038;brizy_crop=iW%3D688%26iH%3D458%26oX%3D0%26oY%3D2%26cW%3D688%26cH%3D454&#038;brizy_post=465 2x\" src=\"{@brizy_SITE_URL_PLACEHOLDER@}\/?brizy_media=wp-02bfb9431cd3895f46f1519345117cea.jpg&#038;brizy_crop=iW%3D874%26iH%3D582%26oX%3D0%26oY%3D3%26cW%3D874%26cH%3D576&#038;brizy_post=465\" alt=\"{{ brizy_dc_image_alt uid='wp-02bfb9431cd3895f46f1519345117cea.jpg' }}\" draggable=\"false\" loading=\"lazy\"><\/picture><\/div>\n<\/div>\n<\/div>\n<\/div>\n<\/div>\n<\/div>\n<\/div>\n<\/div>\n<div class=\"brz-section__content brz-section--fullWidth brz-css-hkvbu brz-css-iktqw\" data-custom-id=\"nchlhepwll\">\n<div class=\"brz-container brz-css-etjep brz-css-eacdv\">\n<div class=\"brz-row__container brz-css-qjajm brz-css-kisvt\" data-custom-id=\"wcqjwjxxmi\">\n<div class=\"brz-bg\">\n<div class=\"brz-bg-color\"><\/div>\n<\/div>\n<div class=\"brz-row brz-css-swcgf brz-css-bvdpg\">\n<div class=\"brz-columns brz-css-xefvh\" data-custom-id=\"mgjqfmfwej\">\n<div class=\"brz-column__items brz-css-dcvgm brz-css-ozirc\">\n<div class=\"brz-css-fkwid brz-css-uenga brz-wrapper\">\n<div class=\"brz-image brz-css-sgczd\"><picture class=\"brz-picture brz-d-block brz-p-relative brz-css-ltexl\" data-custom-id=\"ictwcqdqpf\"><source srcset=\"{@brizy_SITE_URL_PLACEHOLDER@}\/?brizy_media=wp-88a6e567541525adc3204a447f48abf1.jpg&#038;brizy_crop=iW%3D874%26iH%3D880%26oX%3D0%26oY%3D150%26cW%3D874%26cH%3D581&#038;brizy_post=465 1x, {@brizy_SITE_URL_PLACEHOLDER@}\/?brizy_media=wp-88a6e567541525adc3204a447f48abf1.jpg&#038;brizy_crop=iW%3D1748%26iH%3D1760%26oX%3D0%26oY%3D300%26cW%3D1748%26cH%3D1162&#038;brizy_post=465 2x\" media=\"(min-width: 992px)\"><source srcset=\"{@brizy_SITE_URL_PLACEHOLDER@}\/?brizy_media=wp-88a6e567541525adc3204a447f48abf1.jpg&#038;brizy_crop=iW%3D306%26iH%3D308%26oX%3D0%26oY%3D52%26cW%3D306%26cH%3D203&#038;brizy_post=465 1x, {@brizy_SITE_URL_PLACEHOLDER@}\/?brizy_media=wp-88a6e567541525adc3204a447f48abf1.jpg&#038;brizy_crop=iW%3D612%26iH%3D616%26oX%3D0%26oY%3D104%26cW%3D612%26cH%3D406&#038;brizy_post=465 2x\" media=\"(min-width: 768px)\"><img class=\"brz-img brz-p-absolute\" srcset=\"{@brizy_SITE_URL_PLACEHOLDER@}\/?brizy_media=wp-88a6e567541525adc3204a447f48abf1.jpg&#038;brizy_crop=iW%3D344%26iH%3D347%26oX%3D0%26oY%3D59%26cW%3D344%26cH%3D229&#038;brizy_post=465 1x, {@brizy_SITE_URL_PLACEHOLDER@}\/?brizy_media=wp-88a6e567541525adc3204a447f48abf1.jpg&#038;brizy_crop=iW%3D688%26iH%3D694%26oX%3D0%26oY%3D118%26cW%3D688%26cH%3D458&#038;brizy_post=465 2x\" src=\"{@brizy_SITE_URL_PLACEHOLDER@}\/?brizy_media=wp-88a6e567541525adc3204a447f48abf1.jpg&#038;brizy_crop=iW%3D874%26iH%3D880%26oX%3D0%26oY%3D150%26cW%3D874%26cH%3D581&#038;brizy_post=465\" alt=\"{{ brizy_dc_image_alt uid='wp-88a6e567541525adc3204a447f48abf1.jpg' }}\" draggable=\"false\" loading=\"lazy\"><\/picture><\/div>\n<\/div>\n<\/div>\n<\/div>\n<div class=\"brz-columns brz-css-xefvh brz-css-thknx\" data-custom-id=\"lsfxkomavy\">\n<div class=\"brz-column__items brz-css-dcvgm brz-css-vxnxb\">\n<div class=\"brz-css-fkwid brz-css-cidle brz-wrapper\">\n<div class=\"brz-rich-text brz-css-cfibk\" data-custom-id=\"ccddktilqa\">\n<p><strong> Kennedy \/ D\u00e9velopeur Front \/ DA<\/strong><\/p>\n<\/div>\n<\/div>\n<div class=\"brz-css-fkwid brz-css-cxrhp brz-wrapper\">\n<div class=\"brz-rich-text brz-css-cfibk\" data-custom-id=\"glgnvuftgx\">\n<p>Attir\u00e9 tr\u00e8s t\u00f4t par la cr\u00e9ation et le monde num\u00e9rique, Black Ice Berg \u00e0 contribu\u00e9 au d\u00e9veloppement du site, ainsi qu&rsquo;\u00e0 la direction artistique de celui-ci.<\/p>\n<p><\/p>\n<p>Il travaille en Freelance, n&rsquo;h\u00e9sitez pas \u00e0 le contacter si vous avez besoin de cr\u00e9ation web.<\/p>\n<p><\/p>\n<p><\/p>\n<\/div>\n<\/div>\n<\/div>\n<\/div>\n<\/div>\n<\/div>\n<\/div>\n<\/div>\n<p><svg id=\"nc_icon\" viewbox=\"0 0 16 16\" xmlns=\"http:\/\/www.w3.org\/2000\/svg\" class=\"brz-icon-svg brz-hidden\" data-type=\"editor\" data-name=\"right-arrow-thin\"><g class=\"nc-icon-wrapper\" fill=\"currentColor\"><title>thin<\/title><path d=\"M5.025 16L4 15.009 11.25 8 4 .991 5.025 0l7.762 7.504a.684.684 0 0 1 0 .992L5.025 16z\" fill=\"currentColor\" fill-rule=\"nonzero\" stroke=\"none\" stroke-width=\"1\"\/><\/g><\/svg>\n<\/div>\n<\/section>\n<section data-uid=\"lmypvdcppu\" id=\"lmypvdcppu\" class=\"brz-section brz-css-mdzmv\">\n<div class=\"brz-section__content brz-section--boxed brz-css-hkvbu brz-css-bgbxs\" data-custom-id=\"sgjgfkbkyw\">\n<div class=\"brz-bg\">\n<div class=\"brz-bg-color\"><\/div>\n<\/div>\n<div class=\"brz-container brz-css-etjep brz-css-kdwxh\">\n<div class=\"brz-css-fkwid brz-css-ygbbp brz-css-zcrpi brz-wrapper\">\n<div class=\"brz-spacer brz-css-adifn brz-css-qetqf\"><\/div>\n<\/div>\n<\/div>\n<\/div>\n<\/section>\n<section data-uid=\"movqszavyq\" id=\"movqszavyq\" class=\"brz-section brz-css-mdzmv\">\n<div class=\"brz-section__content brz-section--boxed brz-css-hkvbu brz-css-ixvrj\" data-custom-id=\"hozihgatdb\">\n<div class=\"brz-bg\">\n<div class=\"brz-bg-image\"><\/div>\n<div class=\"brz-bg-color\"><\/div>\n<\/div>\n<div class=\"brz-container brz-css-etjep\">\n<div class=\"brz-row__container brz-css-qjajm\" data-custom-id=\"bvbjusnszv\">\n<div class=\"brz-row brz-css-swcgf brz-css-giwcb\">\n<div class=\"brz-columns brz-css-xefvh brz-css-ntbcy\" data-custom-id=\"cilnqawepf\">\n<div class=\"brz-column__items brz-css-dcvgm\"><\/div>\n<\/div>\n<div class=\"brz-columns brz-css-xefvh brz-css-pcldt\" data-custom-id=\"fjrctpzibk\">\n<div class=\"brz-bg\">\n<div class=\"brz-bg-color\"><\/div>\n<\/div>\n<div class=\"brz-column__items brz-css-dcvgm brz-css-snbex\">\n<div class=\"brz-css-fkwid brz-css-ygbbp brz-wrapper\">\n<div class=\"brz-spacer brz-css-adifn brz-css-jvier\"><\/div>\n<\/div>\n<div class=\"brz-css-fkwid brz-wrapper\">\n<div class=\"brz-rich-text brz-css-cfibk\" data-custom-id=\"mojpvfsaqt\">\n<p class=\"brz-text-lg-center brz-tp-heading2\">Follow Us<\/p>\n<\/div>\n<\/div>\n<div class=\"brz-css-fkwid brz-css-ygbbp brz-wrapper\">\n<div class=\"brz-spacer brz-css-adifn brz-css-lvanx\"><\/div>\n<\/div>\n<div class=\"brz-wrapper-clone brz-css-gwvfp\">\n<div class=\"brz-d-xs-flex brz-flex-xs-wrap brz-css-nmpug brz-css-zoafv\">\n<div class=\"brz-wrapper-clone__item brz-css-guvkr brz-css-txjkv\" id=\"sezdrlpnxz\">\n<div class=\"brz-icon__container\" data-custom-id=\"sezdrlpnxz\"><a class=\"brz-a\" href=\"https:\/\/www.facebook.com\/WILDESCAPECORPORATION\" data-brz-link-type=\"external\"><span class=\"brz-span brz-icon css-12e6s5l\"><svg id=\"nc_icon\" version=\"1.1\" xmlns=\"http:\/\/www.w3.org\/2000\/svg\" xmlns:xlink=\"http:\/\/www.w3.org\/1999\/xlink\" x=\"0px\" y=\"0px\" viewbox=\"0 0 24 24\" xml:space=\"preserve\" class=\"brz-icon-svg\" data-type=\"glyph\" data-name=\"logo-fb-simple\"><g class=\"nc-icon-wrapper\" fill=\"currentColor\"><path fill=\"currentColor\" d=\"M9.03153,23L9,13H5V9h4V6.5C9,2.7886,11.29832,1,14.60914,1c1.58592,0,2.94893,0.11807,3.34615,0.17085 v3.87863l-2.29623,0.00104c-1.80061,0-2.14925,0.85562-2.14925,2.11119V9H18.75l-2,4h-3.24019v10H9.03153z\"\/><\/g><\/svg><\/span><\/a><\/div>\n<\/div>\n<div class=\"brz-wrapper-clone__item brz-css-guvkr brz-css-txjkv\" id=\"jfaddhutbv\">\n<div class=\"brz-icon__container\" data-custom-id=\"jfaddhutbv\"><a class=\"brz-a\" href=\"https:\/\/www.instagram.com\/wild_escape_wax\/?hl=fr\" data-brz-link-type=\"external\"><span class=\"brz-span brz-icon css-12e6s5l\"><svg id=\"nc_icon\" version=\"1.1\" xmlns=\"http:\/\/www.w3.org\/2000\/svg\" xmlns:xlink=\"http:\/\/www.w3.org\/1999\/xlink\" x=\"0px\" y=\"0px\" viewbox=\"0 0 24 24\" xml:space=\"preserve\" class=\"brz-icon-svg\" data-type=\"glyph\" data-name=\"logo-instagram\"><g class=\"nc-icon-wrapper\" fill=\"currentColor\"><path fill=\"currentColor\" d=\"M12,2.162c3.204,0,3.584,0.012,4.849,0.07c1.366,0.062,2.633,0.336,3.608,1.311 c0.975,0.975,1.249,2.242,1.311,3.608c0.058,1.265,0.07,1.645,0.07,4.849s-0.012,3.584-0.07,4.849 c-0.062,1.366-0.336,2.633-1.311,3.608c-0.975,0.975-2.242,1.249-3.608,1.311c-1.265,0.058-1.645,0.07-4.849,0.07 s-3.584-0.012-4.849-0.07c-1.366-0.062-2.633-0.336-3.608-1.311c-0.975-0.975-1.249-2.242-1.311-3.608 c-0.058-1.265-0.07-1.645-0.07-4.849s0.012-3.584,0.07-4.849c0.062-1.366,0.336-2.633,1.311-3.608 c0.975-0.975,2.242-1.249,3.608-1.311C8.416,2.174,8.796,2.162,12,2.162 M12,0C8.741,0,8.332,0.014,7.052,0.072 c-1.95,0.089-3.663,0.567-5.038,1.942C0.639,3.389,0.161,5.102,0.072,7.052C0.014,8.332,0,8.741,0,12 c0,3.259,0.014,3.668,0.072,4.948c0.089,1.95,0.567,3.663,1.942,5.038c1.375,1.375,3.088,1.853,5.038,1.942 C8.332,23.986,8.741,24,12,24s3.668-0.014,4.948-0.072c1.95-0.089,3.663-0.567,5.038-1.942c1.375-1.375,1.853-3.088,1.942-5.038 C23.986,15.668,24,15.259,24,12s-0.014-3.668-0.072-4.948c-0.089-1.95-0.567-3.663-1.942-5.038 c-1.375-1.375-3.088-1.853-5.038-1.942C15.668,0.014,15.259,0,12,0L12,0z\"\/> <path data-color=\"color-2\" fill=\"currentColor\" d=\"M12,5.838c-3.403,0-6.162,2.759-6.162,6.162S8.597,18.162,12,18.162s6.162-2.759,6.162-6.162 S15.403,5.838,12,5.838z M12,16c-2.209,0-4-1.791-4-4s1.791-4,4-4s4,1.791,4,4S14.209,16,12,16z\"\/> <circle data-color=\"color-2\" fill=\"currentColor\" cx=\"18.406\" cy=\"5.594\" r=\"1.44\"\/><\/g><\/svg><\/span><\/a><\/div>\n<\/div>\n<\/div>\n<\/div>\n<div class=\"brz-css-fkwid brz-css-ygbbp brz-wrapper\">\n<div class=\"brz-spacer brz-css-adifn brz-css-egzcb\"><\/div>\n<\/div>\n<\/div>\n<\/div>\n<\/div>\n<\/div>\n<\/div>\n<\/div>\n<\/section>\n<\/div>\n<p><!-- version:1640688206 --><\/p>\n","protected":false},"excerpt":{"rendered":"<p>About Us Pierre-Luc \/ CEO Wild Escape \/ CEO Design Color Passionn\u00e9 de street wear et de tissu ethnique, le cr\u00e9ateur de la marque a associ\u00e9 les deux afin de retranscrire son univers et son style. Pour sa premi\u00e8re exploration du monde, Wild Escape a choisi de s\u2019arr\u00eater en Afrique et de vous faire d\u00e9couvrir &hellip;<\/p>\n<p class=\"read-more\"> <a class=\"\" href=\"https:\/\/wildescape.fr\/index.php\/about\/\"> <span class=\"screen-reader-text\">About Us<\/span> Lire la suite\u00a0\u00bb<\/a><\/p>\n","protected":false},"author":1,"featured_media":0,"parent":0,"menu_order":0,"comment_status":"closed","ping_status":"closed","template":"","meta":[],"_links":{"self":[{"href":"https:\/\/wildescape.fr\/index.php\/wp-json\/wp\/v2\/pages\/465"}],"collection":[{"href":"https:\/\/wildescape.fr\/index.php\/wp-json\/wp\/v2\/pages"}],"about":[{"href":"https:\/\/wildescape.fr\/index.php\/wp-json\/wp\/v2\/types\/page"}],"author":[{"embeddable":true,"href":"https:\/\/wildescape.fr\/index.php\/wp-json\/wp\/v2\/users\/1"}],"replies":[{"embeddable":true,"href":"https:\/\/wildescape.fr\/index.php\/wp-json\/wp\/v2\/comments?post=465"}],"version-history":[{"count":30,"href":"https:\/\/wildescape.fr\/index.php\/wp-json\/wp\/v2\/pages\/465\/revisions"}],"predecessor-version":[{"id":2616,"href":"https:\/\/wildescape.fr\/index.php\/wp-json\/wp\/v2\/pages\/465\/revisions\/2616"}],"wp:attachment":[{"href":"https:\/\/wildescape.fr\/index.php\/wp-json\/wp\/v2\/media?parent=465"}],"curies":[{"name":"wp","href":"https:\/\/api.w.org\/{rel}","templated":true}]}}