{"id":448,"date":"2018-08-17T09:15:57","date_gmt":"2018-08-17T09:15:57","guid":{"rendered":"https:\/\/wildescape.fr\/index.php\/homepage\/"},"modified":"2021-12-27T11:51:59","modified_gmt":"2021-12-27T10:51:59","slug":"homepage","status":"publish","type":"page","link":"https:\/\/wildescape.fr\/","title":{"rendered":"Homepage"},"content":{"rendered":"<div class=\"brz-root__container brz-reset-all\">\n<section data-uid=\"fqzvjixzeu\" id=\"fqzvjixzeu\" class=\"brz-section brz-css-csrhm\">\n<div class=\"brz-section__content brz-section--boxed brz-css-lfzig brz-css-dxzho\" data-custom-id=\"jgojjexcha\">\n<div class=\"brz-bg\">\n<div class=\"brz-bg-image\"><\/div>\n<div data-type=\"youtube\" data-key=\"0Z4xU6IcfRQ\" data-loop=\"true\" data-start=\"0\" class=\"brz-bg-video\"><iframe src=\"https:\/\/www.youtube.com\/embed\/0Z4xU6IcfRQ?autoplay=1&#038;controls=0&#038;start=0&#038;end=0&#038;modestbranding=1&#038;wmode=transparent&#038;enablejsapi=1&#038;loop=0&#038;rel=0\" data-src=\"https:\/\/www.youtube.com\/embed\/0Z4xU6IcfRQ?autoplay=1&#038;controls=0&#038;start=0&#038;end=0&#038;modestbranding=1&#038;wmode=transparent&#038;enablejsapi=1&#038;loop=0&#038;rel=0\" class=\"brz-iframe intrinsic-ignore brz-bg-video__cover\" loading=\"lazy\" style=\"display:block\"><\/iframe><\/div>\n<\/div>\n<div class=\"brz-container brz-css-djpsb\">\n<div class=\"brz-row__container brz-css-qdvvb\" data-custom-id=\"rofxuljmuw\">\n<div class=\"brz-row brz-css-hesxy\">\n<div class=\"brz-columns brz-css-vtxbz brz-css-impte\" data-custom-id=\"iqufiaeaoo\">\n<div class=\"brz-column__items brz-css-ptmss\">\n<div class=\"brz-css-wnvmi brz-css-lnlpo brz-wrapper\">\n<div class=\"brz-image brz-css-hzedf\"><picture class=\"brz-picture brz-d-block brz-p-relative brz-css-shgfv\" data-custom-id=\"wyhejvdvzuvopmlesgxuiftwwfeyerfztmwz\"><source srcset=\"{@brizy_SITE_URL_PLACEHOLDER@}\/?brizy_media=wp-09e40c187938e78aca530b753b6dc8c8.png&#038;brizy_crop=iW%3D545%26iH%3D705%26oX%3D0%26oY%3D169%26cW%3D545%26cH%3D367&#038;brizy_post=448 1x, {@brizy_SITE_URL_PLACEHOLDER@}\/?brizy_media=wp-09e40c187938e78aca530b753b6dc8c8.png&#038;brizy_crop=iW%3D1090%26iH%3D1410%26oX%3D0%26oY%3D338%26cW%3D1090%26cH%3D734&#038;brizy_post=448 2x\" media=\"(min-width: 992px)\"><source srcset=\"{@brizy_SITE_URL_PLACEHOLDER@}\/?brizy_media=wp-09e40c187938e78aca530b753b6dc8c8.png&#038;brizy_crop=iW%3D339%26iH%3D439%26oX%3D0%26oY%3D105%26cW%3D339%26cH%3D228&#038;brizy_post=448 1x, {@brizy_SITE_URL_PLACEHOLDER@}\/?brizy_media=wp-09e40c187938e78aca530b753b6dc8c8.png&#038;brizy_crop=iW%3D678%26iH%3D878%26oX%3D0%26oY%3D210%26cW%3D678%26cH%3D456&#038;brizy_post=448 2x\" media=\"(min-width: 768px)\"><img class=\"brz-img brz-p-absolute\" srcset=\"{@brizy_SITE_URL_PLACEHOLDER@}\/?brizy_media=wp-09e40c187938e78aca530b753b6dc8c8.png&#038;brizy_crop=iW%3D400%26iH%3D518%26oX%3D0%26oY%3D124%26cW%3D400%26cH%3D269&#038;brizy_post=448 1x, {@brizy_SITE_URL_PLACEHOLDER@}\/?brizy_media=wp-09e40c187938e78aca530b753b6dc8c8.png&#038;brizy_crop=iW%3D800%26iH%3D1036%26oX%3D0%26oY%3D248%26cW%3D800%26cH%3D538&#038;brizy_post=448 2x\" src=\"{@brizy_SITE_URL_PLACEHOLDER@}\/?brizy_media=wp-09e40c187938e78aca530b753b6dc8c8.png&#038;brizy_crop=iW%3D545%26iH%3D705%26oX%3D0%26oY%3D169%26cW%3D545%26cH%3D367&#038;brizy_post=448\" alt=\"{{ brizy_dc_image_alt uid='wp-09e40c187938e78aca530b753b6dc8c8.png' }}\" draggable=\"false\" loading=\"lazy\"><\/picture><\/div>\n<\/div>\n<\/div>\n<\/div>\n<div data-iteration-count=\"1\" class=\"brz-columns brz-css-vtxbz brz-css-uplsb brz-animated brz-css-jhjmy brz-css-hpbks\" data-custom-id=\"upzeffiahl\">\n<div class=\"brz-bg\">\n<div class=\"brz-bg-color\"><\/div>\n<\/div>\n<div class=\"brz-column__items brz-css-ptmss brz-css-fdqct\">\n<div class=\"brz-css-wnvmi brz-css-bjznr brz-wrapper\">\n<div class=\"brz-rich-text brz-css-hyizo\" data-custom-id=\"xnbohhmsbj\">\n<p class=\"brz-fs-lg-78 brz-fw-xs-im-400 brz-fw-sm-im-400 brz-fw-lg-400 brz-ft-google brz-ff-montserrat brz-text-lg-center brz-fs-sm-57 brz-fs-xs-58\"><strong style=\"opacity: 1;\" class=\"brz-cp-color8\">CAPSULE OPENING<\/strong><\/p>\n<\/div>\n<\/div>\n<div class=\"brz-css-wnvmi brz-css-etoji brz-wrapper\">\n<div class=\"brz-rich-text brz-css-hyizo\" data-custom-id=\"nxkounlvqq\">\n<h3 class=\"brz-lh-lg-1_4 brz-lh-sm-im-1_3 brz-lh-xs-im-1_3 brz-ls-lg-m_1_5 brz-ls-sm-im-m_1 brz-ls-xs-im-m_0_5 brz-ff-overpass brz-ft-google brz-fw-lg-700 brz-fw-sm-im-700 brz-fw-xs-im-700 brz-fs-lg-26 brz-fs-sm-im-25 brz-fs-xs-im-20\"><span class=\"brz-cp-color8\">MASQUE OFFERT SUR LES PACKS ABSTRACT SUNSET ET NUIT VOLATILE <\/span><\/h3>\n<\/div>\n<\/div>\n<\/div>\n<\/div>\n<\/div>\n<\/div>\n<div class=\"brz-row__container brz-css-qdvvb brz-css-bchad\" data-custom-id=\"eqcrsubcotjvgglqgkjpzoiveiididrvwpbm\">\n<div class=\"brz-row brz-css-hesxy brz-css-ciqdf\">\n<div class=\"brz-columns brz-css-vtxbz brz-css-iptcn\" data-custom-id=\"vurmtdlhgjduzrezlrariohzipciprpuunwq\">\n<div class=\"brz-column__items brz-css-ptmss\"><\/div>\n<\/div>\n<\/div>\n<\/div>\n<\/div>\n<\/div>\n<\/section>\n<section data-uid=\"tvzjynwzarivffxmqxorubqjhgkiyalguaxp\" id=\"tvzjynwzarivffxmqxorubqjhgkiyalguaxp\" class=\"brz-section brz-css-csrhm\">\n<div class=\"brz-section__content brz-section--boxed brz-css-lfzig brz-css-hyfef\" data-custom-id=\"dqdqlujajifnnxhpihfdnejtqneeeurzrrnj\">\n<div class=\"brz-container brz-css-djpsb\">\n<div class=\"brz-css-wnvmi brz-css-kjlol brz-wrapper\">\n<div class=\"brz-rich-text brz-css-hyizo\" data-custom-id=\"zvilfwwkzueyfulllutyqkulhmxnwauqciyc\">\n<p class=\"brz-text-lg-center brz-fs-xs-im-24 brz-fs-sm-im-24 brz-fs-lg-25 brz-fw-xs-im-400 brz-fw-sm-im-400 brz-fw-lg-400 brz-ft-google brz-ff-red_hat_text brz-ls-xs-im-0 brz-ls-sm-im-0 brz-ls-lg-0 brz-lh-xs-im-1_6 brz-lh-sm-im-1_6 brz-lh-lg-1_9\"><span class=\"brz-cp-color2\">Wild Escape ne confectionne que des produits en \u00e9dition limit\u00e9e et garanties \u00e0 vie. Les produits qui vous sont propos\u00e9s seront disponibles durant un laps de temps. <\/span><\/p>\n<\/div>\n<\/div>\n<\/div>\n<\/div>\n<\/section>\n<section data-uid=\"atercpyvyd\" id=\"atercpyvyd\" class=\"brz-section brz-css-csrhm\">\n<div class=\"brz-section__content brz-section--boxed brz-css-lfzig brz-css-iqbvg\" data-custom-id=\"zttsxuqhai\">\n<div class=\"brz-bg\">\n<div class=\"brz-bg-color\"><\/div>\n<\/div>\n<div class=\"brz-container brz-css-djpsb\">\n<div class=\"brz-css-wnvmi brz-css-urldz brz-css-vohid brz-wrapper\">\n<div class=\"brz-spacer brz-css-elmcn brz-css-jfsgg\"><\/div>\n<\/div>\n<div class=\"brz-row__container brz-css-qdvvb\" data-custom-id=\"dkuvzrlprr\">\n<div class=\"brz-row brz-css-hesxy brz-css-ciqdf\">\n<div class=\"brz-columns brz-css-vtxbz brz-css-utsfy\" data-custom-id=\"kilxhoxczc\">\n<div class=\"brz-bg\">\n<div class=\"brz-bg-image\"><\/div>\n<div class=\"brz-bg-color\"><\/div>\n<\/div>\n<div class=\"brz-column__items brz-css-ptmss brz-css-epukw\">\n<div class=\"brz-css-wnvmi brz-css-urldz brz-wrapper\">\n<div class=\"brz-spacer brz-css-elmcn brz-css-yzgwy\"><\/div>\n<\/div>\n<div class=\"brz-css-wnvmi brz-css-drqel brz-wrapper\">\n<div class=\"brz-rich-text brz-css-hyizo\" data-custom-id=\"gsgvekcvam\">\n<h2 class=\"brz-lh-lg-1_3 brz-lh-sm-im-1_2 brz-lh-xs-im-1_3 brz-ls-lg-m_1_5 brz-ls-sm-im-m_1 brz-ls-xs-im-m_1 brz-fs-lg-31 brz-fs-sm-im-25 brz-fs-xs-im-23 brz-ff-red_hat_text brz-ft-google brz-fw-lg-400 brz-fw-sm-im-400 brz-fw-xs-im-400\"><strong class=\"brz-cp-color8\">Abstract Sunset <\/strong><\/h2>\n<\/div>\n<\/div>\n<\/div>\n<p><a class=\"brz-a brz-container-link\" href=\"{@brizy_SITE_URL_PLACEHOLDER@}\/index.php\/produit\/pack-abstract-sunset\/\" data-brz-link-type=\"external\"><\/a><\/div>\n<div class=\"brz-columns brz-css-vtxbz brz-css-kxban\" data-custom-id=\"szobcplywb\">\n<div class=\"brz-bg\">\n<div class=\"brz-bg-image\"><\/div>\n<div class=\"brz-bg-color\"><\/div>\n<\/div>\n<div class=\"brz-column__items brz-css-ptmss brz-css-ntusz\">\n<div class=\"brz-css-wnvmi brz-css-urldz brz-wrapper\">\n<div class=\"brz-spacer brz-css-elmcn brz-css-exzjr\"><\/div>\n<\/div>\n<div class=\"brz-css-wnvmi brz-css-foliy brz-wrapper\">\n<div class=\"brz-rich-text brz-css-hyizo\" data-custom-id=\"efgikdndem\">\n<h2 class=\"brz-lh-lg-1_3 brz-lh-sm-im-1_2 brz-lh-xs-im-1_3 brz-ls-lg-m_1_5 brz-ls-sm-im-m_1 brz-ls-xs-im-m_1 brz-fs-lg-31 brz-fs-sm-im-25 brz-fs-xs-im-23 brz-ff-red_hat_text brz-ft-google brz-fw-lg-400 brz-fw-sm-im-400 brz-fw-xs-im-400\"><strong class=\"brz-cp-color8\">Petit Piment<\/strong><\/h2>\n<\/div>\n<\/div>\n<\/div>\n<p><a class=\"brz-a brz-container-link\" href=\"{@brizy_SITE_URL_PLACEHOLDER@}\/index.php\/produit\/pack-petit-piment\/\" data-brz-link-type=\"external\"><\/a><\/div>\n<div class=\"brz-columns brz-css-vtxbz brz-css-ylxbn\" data-custom-id=\"jtnrvrcuctnklpppwvxanrvfkgfttbcqntyj\">\n<div class=\"brz-bg\">\n<div class=\"brz-bg-image\"><\/div>\n<div class=\"brz-bg-color\"><\/div>\n<\/div>\n<div class=\"brz-column__items brz-css-ptmss brz-css-hznvu\">\n<div class=\"brz-css-wnvmi brz-css-urldz brz-wrapper\">\n<div class=\"brz-spacer brz-css-elmcn brz-css-cjiqe\"><\/div>\n<\/div>\n<div class=\"brz-css-wnvmi brz-css-rxfmj brz-wrapper\">\n<div class=\"brz-rich-text brz-css-hyizo\" data-custom-id=\"arvflpkigqffjgkngiusiajetbkvrjvsoewn\">\n<h2 class=\"brz-fs-xs-im-23 brz-fs-sm-im-25 brz-fs-lg-31 brz-ls-xs-im-m_1 brz-ls-sm-im-m_1 brz-ls-lg-m_1_5 brz-lh-xs-im-1_3 brz-lh-sm-im-1_2 brz-lh-lg-1_3 brz-ff-red_hat_text brz-ft-google brz-fw-lg-400 brz-fw-sm-im-400 brz-fw-xs-im-400\"><strong class=\"brz-cp-color8\">Nuit Volatile<\/strong><\/h2>\n<\/div>\n<\/div>\n<\/div>\n<p><a class=\"brz-a brz-container-link\" href=\"{@brizy_SITE_URL_PLACEHOLDER@}\/index.php\/produit\/pack-nuit-volatile\/\" data-brz-link-type=\"external\"><\/a><\/div>\n<\/div>\n<\/div>\n<\/div>\n<\/div>\n<\/section>\n<section data-uid=\"ruunvxxtwaseolgafrwhzzkxcakxsxchfzyp\" id=\"ruunvxxtwaseolgafrwhzzkxcakxsxchfzyp\" class=\"brz-section brz-css-csrhm\">\n<div class=\"brz-section__content brz-section--boxed brz-css-lfzig brz-css-staew\" data-custom-id=\"quolomuouslhhuuofpyhfxyzprupywatwxdb\">\n<div class=\"brz-bg\">\n<div class=\"brz-bg-image\"><\/div>\n<div class=\"brz-bg-color\"><\/div>\n<\/div>\n<div class=\"brz-container brz-css-djpsb\"><\/div>\n<\/div>\n<\/section>\n<section data-uid=\"jumjccuwxovwelsrsxqrjjcggfrnemzgjrpo\" id=\"jumjccuwxovwelsrsxqrjjcggfrnemzgjrpo\" class=\"brz-section brz-css-csrhm\">\n<div class=\"brz-section__content brz-section--boxed brz-css-lfzig brz-css-kwyvf\" data-custom-id=\"qlxurwfvziadkqjqftucyynksnixoitiyeol\">\n<div class=\"brz-bg\">\n<div class=\"brz-bg-color\"><\/div>\n<\/div>\n<div class=\"brz-container brz-css-djpsb\">\n<div class=\"brz-css-wnvmi brz-css-msibh brz-wrapper\">\n<div class=\"brz-rich-text brz-css-hyizo\" data-custom-id=\"gxdqfpbytkaszafemsypxotnxeshzyebwoqg\">\n<p class=\"brz-ff-red_hat_text brz-ft-google brz-fw-lg-400 brz-fw-sm-im-400 brz-fw-xs-im-400 brz-fs-lg-40 brz-fs-sm-im-41 brz-fs-xs-im-41\"><strong>Wild Escape<\/strong><\/p>\n<\/div>\n<\/div>\n<\/div>\n<\/div>\n<\/section>\n<section data-uid=\"xajnmxmazkkjxikstebzejclhgwjjcwuhhwh\" id=\"xajnmxmazkkjxikstebzejclhgwjjcwuhhwh\" class=\"brz-section brz-css-csrhm\">\n<div class=\"brz-section__content brz-section--boxed brz-css-lfzig brz-css-znjaf\" data-custom-id=\"mrxnvaaqgpcmvlzbbvevunwbduufoyrqcgtq\">\n<div class=\"brz-bg\">\n<div class=\"brz-bg-color\"><\/div>\n<\/div>\n<div class=\"brz-container brz-css-djpsb\">\n<div class=\"brz-row__container brz-css-qdvvb brz-css-llsfb\" data-custom-id=\"qdogzkfqheqwyszwsmqtxdvfyqjzoktbgcgo\">\n<div class=\"brz-row brz-css-hesxy brz-css-ksjgx\">\n<div class=\"brz-columns brz-css-vtxbz brz-css-cuqne\" data-custom-id=\"kmsuqsypyiitwtiacrzqqagmdylpnwohufsz\">\n<div class=\"brz-column__items brz-css-ptmss\">\n<div class=\"brz-css-wnvmi brz-wrapper\">\n<div class=\"brz-rich-text brz-css-hyizo\" data-custom-id=\"bgveuwgpdzwbreqjrgidygazczwnnqgadfed\">\n<p class=\"brz-tp-paragraph\"><span class=\"brz-cp-color7\">Wild Escape est une marque cr\u00e9\u00e9e par le designer Pierre-Luc Joseph. Tous les produits de Wild Escape sont des produits faits main, confectionn\u00e9s \u00e0 Paris par le cr\u00e9ateur de la marque ou par des couturiers professionnels bas\u00e9s \u00e0 Ch\u00e2teau Rouge, pour les pi\u00e8ces les plus complexes et les commandes personnalis\u00e9es.<\/span><\/p>\n<\/div>\n<\/div>\n<div class=\"brz-css-wnvmi brz-wrapper\">\n<div class=\"brz-rich-text brz-css-hyizo\" data-custom-id=\"veclsyukzcbhkiqiluodhdvujzboctjqklyi\">\n<p class=\"brz-tp-paragraph brz-text-lg-left\"><strong class=\"brz-cp-color7\">Wild Escape ne confectionne que des produits en \u00e9dition limit\u00e9e. Les produits qui vous sont propos\u00e9s seront disponibles durant un lapse de temps donn\u00e9, qui sera affich\u00e9 sur notre page d\u2019accueil.<\/strong><\/p>\n<\/div>\n<\/div>\n<\/div>\n<\/div>\n<div class=\"brz-columns brz-css-vtxbz brz-css-bsmft\" data-custom-id=\"bkzjbvwahixfvxwciqqpgorfeldtpjwljadv\">\n<div class=\"brz-column__items brz-css-ptmss brz-css-hrwhj\">\n<div class=\"brz-css-wnvmi brz-wrapper\">\n<div class=\"brz-rich-text brz-css-hyizo\" data-custom-id=\"rfpjklnqduedugekihsddticptdrhkaapopt\">\n<p class=\"brz-ff-overpass brz-ft-google brz-fw-lg-400 brz-fw-sm-im-400 brz-fw-xs-im-400 brz-lh-lg-1_9 brz-lh-sm-im-2 brz-lh-xs-im-2\"><span class=\"brz-cp-color7\">Nous avons mis en place des \u00e9v\u00e8nements ponctuels pour financer la mise en place des ateliers de l\u2019association Design Color autour de la couture et de la cr\u00e9ation visuel. Tous les profits g\u00e9n\u00e9r\u00e9s par la marque seront r\u00e9investis dans l\u2019association Design Color.<\/span><\/p>\n<p class=\"brz-ff-overpass brz-ft-google brz-fw-lg-400 brz-fw-sm-im-400 brz-fw-xs-im-400\"><\/p>\n<p class=\"brz-ff-overpass brz-ft-google brz-fw-lg-400 brz-fw-sm-im-400 brz-fw-xs-im-400 brz-lh-lg-1_9 brz-lh-sm-im-2 brz-lh-xs-im-2\"><span class=\"brz-cp-color7\"> Design Color est une association cr\u00e9\u00e9e par le cr\u00e9ateur de Wild Escape et met en oeuvre des ateliers de cr\u00e9ation web et textile pour les jeunes.<\/span><\/p>\n<p class=\"brz-ff-overpass brz-ft-google brz-fw-lg-400 brz-fw-sm-im-400 brz-fw-xs-im-400\"><\/p>\n<p class=\"brz-tp-paragraph brz-text-lg-left brz-ff-overpass brz-ft-google brz-fw-lg-400 brz-fw-sm-im-400 brz-fw-xs-im-400\"><span class=\"brz-cp-color7\"> <\/span><\/p>\n<\/div>\n<\/div>\n<\/div>\n<\/div>\n<div class=\"brz-columns brz-css-vtxbz brz-css-qkqqc\" data-custom-id=\"fzetfpjnkcjqzhoooysasatlyvkvdintevsu\">\n<div class=\"brz-bg\">\n<div class=\"brz-bg-image\"><\/div>\n<\/div>\n<div class=\"brz-column__items brz-css-ptmss brz-css-tawvu\"><\/div>\n<\/div>\n<\/div>\n<\/div>\n<\/div>\n<\/div>\n<\/section>\n<\/div>\n<p><!-- version:1640610075 --><\/p>\n","protected":false},"excerpt":{"rendered":"<p>CAPSULE OPENING MASQUE OFFERT SUR LES PACKS ABSTRACT SUNSET ET NUIT VOLATILE Wild Escape ne confectionne que des produits en \u00e9dition limit\u00e9e et garanties \u00e0 vie. Les produits qui vous sont propos\u00e9s seront disponibles durant un laps de temps. Abstract Sunset Petit Piment Nuit Volatile Wild Escape Wild Escape est une marque cr\u00e9\u00e9e par le &hellip;<\/p>\n<p class=\"read-more\"> <a class=\"\" href=\"https:\/\/wildescape.fr\/\"> <span class=\"screen-reader-text\">Homepage<\/span> Lire la suite\u00a0\u00bb<\/a><\/p>\n","protected":false},"author":1,"featured_media":0,"parent":0,"menu_order":0,"comment_status":"closed","ping_status":"closed","template":"","meta":[],"_links":{"self":[{"href":"https:\/\/wildescape.fr\/index.php\/wp-json\/wp\/v2\/pages\/448"}],"collection":[{"href":"https:\/\/wildescape.fr\/index.php\/wp-json\/wp\/v2\/pages"}],"about":[{"href":"https:\/\/wildescape.fr\/index.php\/wp-json\/wp\/v2\/types\/page"}],"author":[{"embeddable":true,"href":"https:\/\/wildescape.fr\/index.php\/wp-json\/wp\/v2\/users\/1"}],"replies":[{"embeddable":true,"href":"https:\/\/wildescape.fr\/index.php\/wp-json\/wp\/v2\/comments?post=448"}],"version-history":[{"count":30,"href":"https:\/\/wildescape.fr\/index.php\/wp-json\/wp\/v2\/pages\/448\/revisions"}],"predecessor-version":[{"id":2647,"href":"https:\/\/wildescape.fr\/index.php\/wp-json\/wp\/v2\/pages\/448\/revisions\/2647"}],"wp:attachment":[{"href":"https:\/\/wildescape.fr\/index.php\/wp-json\/wp\/v2\/media?parent=448"}],"curies":[{"name":"wp","href":"https:\/\/api.w.org\/{rel}","templated":true}]}}