{"id":1775,"date":"2020-12-16T16:36:31","date_gmt":"2020-12-16T15:36:31","guid":{"rendered":"https:\/\/wildescape.fr\/?page_id=1775"},"modified":"2021-03-13T10:49:08","modified_gmt":"2021-03-13T09:49:08","slug":"politique-de-confidentialite-2","status":"publish","type":"page","link":"https:\/\/wildescape.fr\/index.php\/politique-de-confidentialite-2\/","title":{"rendered":"Politique de confidentialit\u00e9"},"content":{"rendered":"<div class=\"brz-root__container brz-reset-all\">\n<section data-uid=\"hmuechwygpyphgiwvcgzaawxzahdafbaqqfe\" id=\"hmuechwygpyphgiwvcgzaawxzahdafbaqqfe\" class=\"brz-section brz-css-axyah\">\n<div class=\"brz-section__content brz-section--boxed brz-css-tuiem\" data-custom-id=\"lvdrmmqsnrgjrjqkbwxmabnsywpbrelzqqbl\">\n<div class=\"brz-container brz-css-fcgxm\">\n<div class=\"brz-css-hckdo brz-wrapper\">\n<div class=\"brz-rich-text brz-css-yusgd\" data-custom-id=\"mnheowfdhgigcgpbwrqimnxaqcglxxdwuesz\">\n<p class=\"brz-text-lg-justify brz-fs-xs-im-19 brz-fs-sm-im-19 brz-fs-lg-18\"><strong>Introduction<\/strong><\/p>\n<p class=\"brz-text-lg-justify\"><\/p>\n<p class=\"brz-text-lg-justify\">Dans le cadre de son activit\u00e9, l\u2019association Design Color, dont le si\u00e8ge social est situ\u00e9 au 12 avenue Louis Pasteur 92220 Bagneux, est amen\u00e9e \u00e0 collecter et \u00e0 traiter des informations dont certaines sont qualifi\u00e9es de \u00ab\u00a0donn\u00e9es personnelles\u00a0\u00bb. Design Color ainsi que Wild Escape attachent une grande importance au respect de la vie priv\u00e9e, et n\u2019utilisent que des donn\u00e9es de mani\u00e8re responsable et confidentielle et dans une finalit\u00e9 pr\u00e9cise.<\/p>\n<p class=\"brz-text-lg-justify\"><\/p>\n<p class=\"brz-text-lg-justify brz-fs-xs-im-19 brz-fs-sm-im-19 brz-fs-lg-18\"><strong>Donn\u00e9es personnelles<\/strong><\/p>\n<p class=\"brz-text-lg-justify brz-fs-xs-im-19 brz-fs-sm-im-19 brz-fs-lg-18\"><strong> <\/strong><\/p>\n<p class=\"brz-text-lg-justify\">Sur le site web www.wildescape.fr, il y a 2 types de donn\u00e9es susceptibles d\u2019\u00eatre recueillies :<\/p>\n<p class=\"brz-text-lg-justify\">\u2022\tLes donn\u00e9es transmises directement\u2028 : Ces donn\u00e9es sont celles que vous nous transmettez directement, via un formulaire de contact ou bien par contact direct par email. Sont obligatoires dans le formulaire de contact le champs \u00ab pr\u00e9nom et nom \u00bb, \u00ab entreprise ou organisation \u00bb et \u00ab email \u00bb.<\/p>\n<p class=\"brz-text-lg-justify\">\u2022\tLes donn\u00e9es collect\u00e9es automatiquement : \u2028Lors de vos visites, une fois votre consentement donn\u00e9, nous pouvons recueillir des informations de type \u00ab web analytics \u00bb relatives \u00e0 votre navigation, la dur\u00e9e de votre consultation, votre adresse IP, votre type et version de navigateur. La technologie utilis\u00e9e est le cookie.<\/p>\n<p class=\"brz-text-lg-justify\"><\/p>\n<p class=\"brz-text-lg-justify brz-fs-xs-im-19 brz-fs-sm-im-19 brz-fs-lg-18\"><strong>Utilisation des donn\u00e9es<\/strong><\/p>\n<p class=\"brz-text-lg-justify brz-fs-xs-im-19 brz-fs-sm-im-19 brz-fs-lg-18\"><strong> <\/strong><\/p>\n<p class=\"brz-text-lg-justify\">Les donn\u00e9es que vous nous transmettez directement sont utilis\u00e9es dans le but de vous re-contacter et\/ou dans le cadre de la demande que vous nous faites. Les donn\u00e9es \u00ab web analytics \u00bb sont collect\u00e9es de forme anonyme (en enregistrant des adresses IP anonymes) par Google Analytics, et nous permettent de mesurer l&rsquo;audience de notre site web, les consultations et les \u00e9ventuelles erreurs afin d\u2019am\u00e9liorer constamment l\u2019exp\u00e9rience des utilisateurs. Ces donn\u00e9es sont utilis\u00e9es par Design Color, responsable du traitement des donn\u00e9es, et ne seront jamais c\u00e9d\u00e9es \u00e0 un tiers ni utilis\u00e9es \u00e0 d\u2019autres fins que celles d\u00e9taill\u00e9es ci-dessus.<\/p>\n<p class=\"brz-text-lg-justify\"><\/p>\n<p class=\"brz-text-lg-justify brz-fs-lg-18 brz-fs-sm-im-19 brz-fs-xs-im-19\"><strong>Base l\u00e9gale<\/strong><\/p>\n<p class=\"brz-text-lg-justify\">\n<p class=\"brz-text-lg-justify\">Les donn\u00e9es personnelles ne sont collect\u00e9es qu\u2019apr\u00e8s consentement obligatoire de l\u2019utilisateur. Ce consentement est valablement recueilli (boutons et cases \u00e0 cocher), libre, clair et sans \u00e9quivoque.<\/p>\n<p class=\"brz-text-lg-justify\">\n<p class=\"brz-text-lg-justify brz-fs-lg-18 brz-fs-sm-im-19 brz-fs-xs-im-19\"><strong>Dur\u00e9e de conservation<\/strong><\/p>\n<p class=\"brz-text-lg-justify\">\n<p class=\"brz-text-lg-justify\">Les renseignements personnels que vous fournissez seront conserv\u00e9s par Tealer conform\u00e9ment aux lois applicables. Les donn\u00e9es seront sauvegard\u00e9es durant une dur\u00e9e maximale de 3 ans.<\/p>\n<p class=\"brz-text-lg-justify\"><\/p>\n<p class=\"brz-text-lg-justify brz-fs-xs-im-19 brz-fs-sm-im-19 brz-fs-lg-18\"><strong>Cookies<\/strong><\/p>\n<p class=\"brz-text-lg-justify brz-fs-xs-im-19 brz-fs-sm-im-19 brz-fs-lg-18\"><strong> <\/strong><\/p>\n<p class=\"brz-text-lg-justify\">Comme beaucoup de sites Web, Wild Escape utilise des \u00ab cookies \u00bb pour maintenir un dossier de votre visite sur les Sites et votre utilisation des Services. Un cookie est un petit fichier texte qui est transf\u00e9r\u00e9 par un serveur web et stock\u00e9 sur le disque dur de votre ordinateur ou appareil mobile. Il peut uniquement \u00eatre lu par le serveur qui vous l&rsquo;a envoy\u00e9. Cette information ne vous identifie pas personnellement et vous demeurez anonyme \u00e0 moins que vous n\u2019ayez fourni autrement des renseignements personnels. Les t\u00e9moins aident Wild Escape \u00e0 am\u00e9liorer les Sites et Services, et afin d&rsquo;offrir de plus un service personnalis\u00e9 en permettant \u00e0 Wild Escape d\u2019estimer les mod\u00e8les de taille et l&rsquo;usage public ; pour stocker des informations sur vos pr\u00e9f\u00e9rences ; pour acc\u00e9l\u00e9rer vos recherches et de vous reconna\u00eetre lorsque vous retournez vers les Sites ou utilisez les Services. La plupart des navigateurs web acceptent automatiquement les cookies. Si vous voulez emp\u00eacher votre ordinateur d&rsquo;accepter des cookies de Wild Escape, vous pouvez suivre les \u00e9tapes de votre navigateur Internet pour le faire.<\/p>\n<p class=\"brz-text-lg-justify\"><\/p>\n<p class=\"brz-text-lg-justify brz-fs-xs-im-19 brz-fs-sm-im-19 brz-fs-lg-18\"><strong>Vos droits concernant les donn\u00e9es personnelles<\/strong><\/p>\n<p class=\"brz-text-lg-justify brz-fs-xs-im-19 brz-fs-sm-im-19 brz-fs-lg-18\"><strong> <\/strong><\/p>\n<p class=\"brz-text-lg-justify\">Vous avez le droit de consultation, demande de modification ou d\u2019effacement sur l\u2019ensemble de vos donn\u00e9es personnelles. Vous pouvez \u00e9galement retirer votre consentement au traitement de vos donn\u00e9es.<\/p>\n<p class=\"brz-text-lg-justify\"><\/p>\n<p class=\"brz-text-lg-justify brz-fs-xs-im-19 brz-fs-sm-im-19 brz-fs-lg-18\"><strong>Adresse IP<\/strong><\/p>\n<p class=\"brz-text-lg-justify brz-fs-xs-im-19 brz-fs-sm-im-19 brz-fs-lg-18\"><strong> <\/strong><\/p>\n<p class=\"brz-text-lg-justify\">Une adresse IP est l&rsquo;adresse num\u00e9rique de l&rsquo;ordinateur, par lequel il peut \u00eatre situ\u00e9 au sein d&rsquo;un r\u00e9seau. Design Color peut enregistrer votre adresse IP lorsque vous visitez ou utilisez les services ou fonctionnalit\u00e9s sur les Sites. Design Color peut utiliser votre adresse IP aux fins susmentionn\u00e9es et aussi pour aider \u00e0 diagnostiquer des probl\u00e8mes avec le serveur de Wild Escape ou \u00e0 administrer des Sites. Design Color peut \u00e9galement utiliser votre adresse IP pour vous identifier lorsque Wild Escape estime qu&rsquo;il est n\u00e9cessaire de faire respecter cette politique de confidentialit\u00e9 ou les conditions d&rsquo;utilisation, ou pour prot\u00e9ger les Sites, Services, syst\u00e8mes, information, employ\u00e9s, fournisseurs, partenaires commerciaux, utilisateurs, clients et autres.<\/p>\n<p class=\"brz-text-lg-justify brz-fs-xs-im-19 brz-fs-sm-im-19 brz-fs-lg-18\"><\/p>\n<p class=\"brz-text-lg-justify brz-fs-xs-im-19 brz-fs-sm-im-19 brz-fs-lg-18\"><strong>Divulgation de vos donn\u00e9es<\/strong><\/p>\n<p class=\"brz-text-lg-justify\"><\/p>\n<p class=\"brz-lh-xs-im-1_2 brz-lh-sm-im-1_2 brz-lh-lg-1_5 brz-fw-xs-im-400 brz-fw-sm-im-400 brz-fw-lg-400 brz-ft-google brz-ff-lato brz-ls-xs-im-0 brz-ls-sm-im-0 brz-ls-lg-0 brz-fs-xs-im-15 brz-fs-sm-im-15 brz-fs-lg-16 brz-text-lg-justify\">Wild Escape ne divulguera pas vos renseignements personnels \u00e0 des tierces parties pour des fins de marketing directs sans obtenir le consentement pr\u00e9alable d&rsquo;affirmatif. Dans le cas o\u00f9 Wild Escape est impliqu\u00e9e dans une transaction commerciale, y compris l&rsquo;achat, vente, location, fusion ou tout autre type d&rsquo;acquisition, disposition, titrisation ou financement impliquant Wild Escape, vous acceptez que vos informations personnelles et toute autre information Wild Escape aurait pu s&rsquo;accumuler \u00e9tant transmis \u00e0 un tiers dans le cadre de l&rsquo;op\u00e9ration de ce genre. Vous consentez \u00e9galement \u00e0 divulguer vos renseignements personnels \u00e0 l&rsquo;assurance juridique, financier, ou d&rsquo;autres conseillers dans le cadre de telles transactions ou de la gestion de tout ou partie d&rsquo;entreprise ou d&rsquo;op\u00e9rations.<\/p>\n<\/div>\n<\/div>\n<\/div>\n<\/div>\n<\/section>\n<\/div>\n<p><!-- version:1640626996 --><\/p>\n","protected":false},"excerpt":{"rendered":"<p>Introduction Dans le cadre de son activit\u00e9, l\u2019association Design Color, dont le si\u00e8ge social est situ\u00e9 au 12 avenue Louis Pasteur 92220 Bagneux, est amen\u00e9e \u00e0 collecter et \u00e0 traiter des informations dont certaines sont qualifi\u00e9es de \u00ab\u00a0donn\u00e9es personnelles\u00a0\u00bb. Design Color ainsi que Wild Escape attachent une grande importance au respect de la vie priv\u00e9e, &hellip;<\/p>\n<p class=\"read-more\"> <a class=\"\" href=\"https:\/\/wildescape.fr\/index.php\/politique-de-confidentialite-2\/\"> <span class=\"screen-reader-text\">Politique de confidentialit\u00e9<\/span> Lire la suite\u00a0\u00bb<\/a><\/p>\n","protected":false},"author":1,"featured_media":0,"parent":0,"menu_order":0,"comment_status":"closed","ping_status":"closed","template":"","meta":[],"_links":{"self":[{"href":"https:\/\/wildescape.fr\/index.php\/wp-json\/wp\/v2\/pages\/1775"}],"collection":[{"href":"https:\/\/wildescape.fr\/index.php\/wp-json\/wp\/v2\/pages"}],"about":[{"href":"https:\/\/wildescape.fr\/index.php\/wp-json\/wp\/v2\/types\/page"}],"author":[{"embeddable":true,"href":"https:\/\/wildescape.fr\/index.php\/wp-json\/wp\/v2\/users\/1"}],"replies":[{"embeddable":true,"href":"https:\/\/wildescape.fr\/index.php\/wp-json\/wp\/v2\/comments?post=1775"}],"version-history":[{"count":13,"href":"https:\/\/wildescape.fr\/index.php\/wp-json\/wp\/v2\/pages\/1775\/revisions"}],"predecessor-version":[{"id":2632,"href":"https:\/\/wildescape.fr\/index.php\/wp-json\/wp\/v2\/pages\/1775\/revisions\/2632"}],"wp:attachment":[{"href":"https:\/\/wildescape.fr\/index.php\/wp-json\/wp\/v2\/media?parent=1775"}],"curies":[{"name":"wp","href":"https:\/\/api.w.org\/{rel}","templated":true}]}}