{"id":1407,"date":"2020-11-23T21:45:48","date_gmt":"2020-11-23T20:45:48","guid":{"rendered":"https:\/\/wildescape.fr\/?page_id=1407"},"modified":"2021-03-13T10:41:06","modified_gmt":"2021-03-13T09:41:06","slug":"sav","status":"publish","type":"page","link":"https:\/\/wildescape.fr\/index.php\/sav\/","title":{"rendered":"SAV"},"content":{"rendered":"\n<figure class=\"wp-block-image size-large\"><img loading=\"lazy\" width=\"1024\" height=\"412\" src=\"https:\/\/wildescape.fr\/wp-content\/uploads\/2020\/11\/okkwe-1024x412.jpg\" alt=\"\" class=\"wp-image-1214\" srcset=\"https:\/\/wildescape.fr\/wp-content\/uploads\/2020\/11\/okkwe-1024x412.jpg 1024w, https:\/\/wildescape.fr\/wp-content\/uploads\/2020\/11\/okkwe-300x121.jpg 300w, https:\/\/wildescape.fr\/wp-content\/uploads\/2020\/11\/okkwe-768x309.jpg 768w, https:\/\/wildescape.fr\/wp-content\/uploads\/2020\/11\/okkwe-1536x618.jpg 1536w, https:\/\/wildescape.fr\/wp-content\/uploads\/2020\/11\/okkwe-2048x825.jpg 2048w, https:\/\/wildescape.fr\/wp-content\/uploads\/2020\/11\/okkwe-600x242.jpg 600w\" sizes=\"(max-width: 1024px) 100vw, 1024px\" \/><\/figure>\n\n\n<div class=\"brz-root__container brz-reset-all\">\n<section id=\"lnzgmalebxypqxxsebtoeozwhjlvhvuypxeo\" class=\"brz-section brz-css-jrdor\" data-uid=\"lnzgmalebxypqxxsebtoeozwhjlvhvuypxeo\">\n<div class=\"brz-section__content brz-section--boxed brz-css-rgklr\" data-custom-id=\"bafqmhrqxqpwowmtwqmvenmkjyprxphcohud\">\n<div class=\"brz-container brz-css-gwhmt\">\n<div class=\"brz-css-cppol brz-wrapper\">\n<div class=\"brz-rich-text brz-css-ygexj\" data-custom-id=\"klgpphrborwtmyrzjodnykbmsdtpcmayltsb\">\n<p class=\"brz-fs-xs-im-51 brz-fs-sm-im-51 brz-fs-lg-52 brz-fw-xs-im-400 brz-fw-sm-im-400 brz-fw-lg-400 brz-ft-google brz-ff-montserrat brz-text-lg-center brz-ls-xs-im-0 brz-ls-sm-im-0 brz-ls-lg-0 brz-lh-xs-im-1_6 brz-lh-sm-im-1_6 brz-lh-lg-1_9\" style=\"text-align: center;\">SAV<\/p>\n<p class=\"brz-fw-xs-im-400 brz-fw-sm-im-400 brz-fw-lg-400 brz-ft-google brz-ff-montserrat brz-ls-xs-im-0 brz-ls-sm-im-0 brz-ls-lg-0 brz-fs-xs-im-15 brz-fs-sm-im-15 brz-fs-lg-16 brz-lh-xs-im-1_6 brz-lh-sm-im-1_6 brz-lh-lg-1_9\"><span class=\"brz-cp-color7\">Tous les produits confectionn\u00e9s par Wild Escape sont garantis \u00e0 vie dans la limite du r\u00e9parable. N&rsquo;h\u00e9sitez pas \u00e0 nous contacter si vous avez besoin de r\u00e9paration sur l&rsquo;un de nos produits. De plus, si vous d\u00e9sirez customiser des articles que vous poss\u00e9dez d\u00e9j\u00e0, vous \u00eates sur la bonne page.<\/span><\/p>\n<div role=\"form\" class=\"wpcf7\" id=\"wpcf7-f2472-o1\" lang=\"fr-FR\" dir=\"ltr\">\n<div class=\"screen-reader-response\"><p role=\"status\" aria-live=\"polite\" aria-atomic=\"true\"><\/p> <ul><\/ul><\/div>\n<form action=\"\/index.php\/wp-json\/wp\/v2\/pages\/1407#wpcf7-f2472-o1\" method=\"post\" class=\"wpcf7-form init\" novalidate=\"novalidate\" data-status=\"init\">\n<div style=\"display: none;\">\n<input type=\"hidden\" name=\"_wpcf7\" value=\"2472\" \/>\n<input type=\"hidden\" name=\"_wpcf7_version\" value=\"5.4\" \/>\n<input type=\"hidden\" name=\"_wpcf7_locale\" value=\"fr_FR\" \/>\n<input type=\"hidden\" name=\"_wpcf7_unit_tag\" value=\"wpcf7-f2472-o1\" \/>\n<input type=\"hidden\" name=\"_wpcf7_container_post\" value=\"0\" \/>\n<input type=\"hidden\" name=\"_wpcf7_posted_data_hash\" value=\"\" \/>\n<\/div>\n<p><label> Votre nom<br \/>\n    <span class=\"wpcf7-form-control-wrap your-name\"><input type=\"text\" name=\"your-name\" value=\"\" size=\"40\" class=\"wpcf7-form-control wpcf7-text wpcf7-validates-as-required\" aria-required=\"true\" aria-invalid=\"false\" \/><\/span> <\/label><\/p>\n<p><label> Votre e-mail<br \/>\n    <span class=\"wpcf7-form-control-wrap your-email\"><input type=\"email\" name=\"your-email\" value=\"\" size=\"40\" class=\"wpcf7-form-control wpcf7-text wpcf7-email wpcf7-validates-as-required wpcf7-validates-as-email\" aria-required=\"true\" aria-invalid=\"false\" \/><\/span> <\/label><\/p>\n<p><label> Objet<br \/>\n    <span class=\"wpcf7-form-control-wrap your-subject\"><input type=\"text\" name=\"your-subject\" value=\"\" size=\"40\" class=\"wpcf7-form-control wpcf7-text wpcf7-validates-as-required\" aria-required=\"true\" aria-invalid=\"false\" \/><\/span> <\/label><\/p>\n<p><label> Votre message (facultatif)<br \/>\n    <span class=\"wpcf7-form-control-wrap your-message\"><textarea name=\"your-message\" cols=\"40\" rows=\"10\" class=\"wpcf7-form-control wpcf7-textarea\" aria-invalid=\"false\"><\/textarea><\/span> <\/label><\/p>\n<p><input type=\"submit\" value=\"Envoyer\" class=\"wpcf7-form-control wpcf7-submit\" \/><\/p>\n<div class=\"wpcf7-response-output\" aria-hidden=\"true\"><\/div><\/form><\/div>\n<\/div>\n<\/div>\n<\/div>\n<\/div>\n<\/section>\n<section id=\"uaovcfaqksvupoddjwcnjacslrboovbgllhx\" class=\"brz-section brz-css-jrdor\" data-uid=\"uaovcfaqksvupoddjwcnjacslrboovbgllhx\">\n<div class=\"brz-section__content brz-section--boxed brz-css-rgklr brz-css-qqqas\" data-custom-id=\"xysigosyidfaeerjolhblzmqclqmgrhlfdxo\">\n<div class=\"brz-bg\">\n<div class=\"brz-bg-image\">\u00a0<\/div>\n<div class=\"brz-bg-color\">\u00a0<\/div>\n<\/div>\n<div class=\"brz-container brz-css-gwhmt\">\u00a0<\/div>\n<\/div>\n<\/section>\n<\/div>\n<p><!-- version:1615291241 --><\/p>","protected":false},"excerpt":{"rendered":"<p>SAV Tous les produits confectionn\u00e9s par Wild Escape sont garantis \u00e0 vie dans la limite du r\u00e9parable. N&rsquo;h\u00e9sitez pas \u00e0 nous contacter si vous avez besoin de r\u00e9paration sur l&rsquo;un de nos produits. De plus, si vous d\u00e9sirez customiser des articles que vous poss\u00e9dez d\u00e9j\u00e0, vous \u00eates sur la bonne page. \u00a0 \u00a0 \u00a0<\/p>\n","protected":false},"author":1,"featured_media":0,"parent":0,"menu_order":0,"comment_status":"closed","ping_status":"closed","template":"brizy-blank-template.php","meta":[],"_links":{"self":[{"href":"https:\/\/wildescape.fr\/index.php\/wp-json\/wp\/v2\/pages\/1407"}],"collection":[{"href":"https:\/\/wildescape.fr\/index.php\/wp-json\/wp\/v2\/pages"}],"about":[{"href":"https:\/\/wildescape.fr\/index.php\/wp-json\/wp\/v2\/types\/page"}],"author":[{"embeddable":true,"href":"https:\/\/wildescape.fr\/index.php\/wp-json\/wp\/v2\/users\/1"}],"replies":[{"embeddable":true,"href":"https:\/\/wildescape.fr\/index.php\/wp-json\/wp\/v2\/comments?post=1407"}],"version-history":[{"count":42,"href":"https:\/\/wildescape.fr\/index.php\/wp-json\/wp\/v2\/pages\/1407\/revisions"}],"predecessor-version":[{"id":2613,"href":"https:\/\/wildescape.fr\/index.php\/wp-json\/wp\/v2\/pages\/1407\/revisions\/2613"}],"wp:attachment":[{"href":"https:\/\/wildescape.fr\/index.php\/wp-json\/wp\/v2\/media?parent=1407"}],"curies":[{"name":"wp","href":"https:\/\/api.w.org\/{rel}","templated":true}]}}